{"id":6,"date":"2021-12-14T11:55:18","date_gmt":"2021-12-14T14:55:18","guid":{"rendered":"https:\/\/transtriangulo.com.br\/contato\/?page_id=6"},"modified":"2025-08-21T13:50:59","modified_gmt":"2025-08-21T16:50:59","slug":"orcamento","status":"publish","type":"page","link":"https:\/\/transtriangulo.com.br\/contato\/","title":{"rendered":"Contato"},"content":{"rendered":"\t\t<div data-elementor-type=\"wp-page\" data-elementor-id=\"6\" class=\"elementor elementor-6\" data-elementor-post-type=\"page\">\n\t\t\t\t\t\t<section class=\"elementor-section elementor-top-section elementor-element elementor-element-c9f28ae elementor-section-boxed elementor-section-height-default elementor-section-height-default\" data-id=\"c9f28ae\" data-element_type=\"section\" data-e-type=\"section\">\n\t\t\t\t\t\t<div class=\"elementor-container elementor-column-gap-default\">\n\t\t\t\t\t<div class=\"elementor-column elementor-col-100 elementor-top-column elementor-element elementor-element-35ed2ac\" data-id=\"35ed2ac\" data-element_type=\"column\" data-e-type=\"column\">\n\t\t\t<div class=\"elementor-widget-wrap elementor-element-populated\">\n\t\t\t\t\t\t<div class=\"elementor-element elementor-element-c0805f5 elementor-widget elementor-widget-heading\" data-id=\"c0805f5\" data-element_type=\"widget\" data-e-type=\"widget\" data-widget_type=\"heading.default\">\n\t\t\t\t<div class=\"elementor-widget-container\">\n\t\t\t\t\t<h2 class=\"elementor-heading-title elementor-size-default\">Contato<\/h2>\t\t\t\t<\/div>\n\t\t\t\t<\/div>\n\t\t\t\t<div class=\"elementor-element elementor-element-08977c8 elementor-widget elementor-widget-heading\" data-id=\"08977c8\" data-element_type=\"widget\" data-e-type=\"widget\" data-widget_type=\"heading.default\">\n\t\t\t\t<div class=\"elementor-widget-container\">\n\t\t\t\t\t<h4 class=\"elementor-heading-title elementor-size-default\">Envie sua d\u00favida atrav\u00e9s do nosso formul\u00e1rio de contato, em breve responderemos.<\/h4>\t\t\t\t<\/div>\n\t\t\t\t<\/div>\n\t\t\t\t<div class=\"elementor-element elementor-element-108480d elementor-widget elementor-widget-wpforms\" data-id=\"108480d\" data-element_type=\"widget\" data-e-type=\"widget\" data-widget_type=\"wpforms.default\">\n\t\t\t\t<div class=\"elementor-widget-container\">\n\t\t\t\t\t<style id=\"wpforms-css-vars-root\">\n\t\t\t\t:root {\n\t\t\t\t\t--wpforms-field-border-radius: 3px;\n--wpforms-field-background-color: #ffffff;\n--wpforms-field-border-color: rgba( 0, 0, 0, 0.25 );\n--wpforms-field-text-color: rgba( 0, 0, 0, 0.7 );\n--wpforms-label-color: rgba( 0, 0, 0, 0.85 );\n--wpforms-label-sublabel-color: rgba( 0, 0, 0, 0.55 );\n--wpforms-label-error-color: #d63637;\n--wpforms-button-border-radius: 3px;\n--wpforms-button-background-color: #066aab;\n--wpforms-button-text-color: #ffffff;\n--wpforms-field-size-input-height: 43px;\n--wpforms-field-size-input-spacing: 15px;\n--wpforms-field-size-font-size: 16px;\n--wpforms-field-size-line-height: 19px;\n--wpforms-field-size-padding-h: 14px;\n--wpforms-field-size-checkbox-size: 16px;\n--wpforms-field-size-sublabel-spacing: 5px;\n--wpforms-field-size-icon-size: 1;\n--wpforms-label-size-font-size: 16px;\n--wpforms-label-size-line-height: 19px;\n--wpforms-label-size-sublabel-font-size: 14px;\n--wpforms-label-size-sublabel-line-height: 17px;\n--wpforms-button-size-font-size: 17px;\n--wpforms-button-size-height: 41px;\n--wpforms-button-size-padding-h: 15px;\n--wpforms-button-size-margin-top: 10px;\n\n\t\t\t\t}\n\t\t\t<\/style><style id=\"wpforms-css-vars-elementor-widget-108480d\">\n\t\t\t\t.elementor-widget-wpforms.elementor-element-108480d {\n\t\t\t\t\t--wpforms-field-size-input-height: 43px;\n--wpforms-field-size-input-spacing: 15px;\n--wpforms-field-size-font-size: 16px;\n--wpforms-field-size-line-height: 19px;\n--wpforms-field-size-padding-h: 14px;\n--wpforms-field-size-checkbox-size: 16px;\n--wpforms-field-size-sublabel-spacing: 5px;\n--wpforms-field-size-icon-size: 1;\n--wpforms-label-size-font-size: 16px;\n--wpforms-label-size-line-height: 19px;\n--wpforms-label-size-sublabel-font-size: 14px;\n--wpforms-label-size-sublabel-line-height: 17px;\n--wpforms-button-size-font-size: 17px;\n--wpforms-button-size-height: 41px;\n--wpforms-button-size-padding-h: 15px;\n--wpforms-button-size-margin-top: 10px;\n\n\t\t\t\t}\n\t\t\t<\/style><div class=\"wpforms-container wpforms-container-full wpforms-render-modern\" id=\"wpforms-338\"><form id=\"wpforms-form-338\" class=\"wpforms-validate wpforms-form wpforms-ajax-form\" data-formid=\"338\" method=\"post\" enctype=\"multipart\/form-data\" action=\"\/contato\/wp-json\/wp\/v2\/pages\/6\" data-token=\"253c6b585d93788e78adf6f56c18cbd6\"><noscript class=\"wpforms-error-noscript\">Ative o JavaScript no seu navegador para preencher este formul\u00e1rio.<\/noscript><div class=\"wpforms-hidden\" id=\"wpforms-error-noscript\">Ative o JavaScript no seu navegador para preencher este formul\u00e1rio.<\/div><div class=\"wpforms-field-container\"><div id=\"wpforms-338-field_0-container\" class=\"wpforms-field wpforms-field-name\" data-field-id=\"0\"><label class=\"wpforms-field-label\" for=\"wpforms-338-field_0\">Nome <span class=\"wpforms-required-label\" aria-hidden=\"true\">*<\/span><\/label><input type=\"text\" id=\"wpforms-338-field_0\" class=\"wpforms-field-large wpforms-field-required\" name=\"wpforms[fields][0]\" aria-errormessage=\"wpforms-338-field_0-error\" required><\/div><div id=\"wpforms-338-field_1-container\" class=\"wpforms-field wpforms-field-email\" data-field-id=\"1\"><label class=\"wpforms-field-label\" for=\"wpforms-338-field_1\">E-mail <span class=\"wpforms-required-label\" aria-hidden=\"true\">*<\/span><\/label><input type=\"email\" id=\"wpforms-338-field_1\" class=\"wpforms-field-large wpforms-field-required\" name=\"wpforms[fields][1]\" spellcheck=\"false\" aria-errormessage=\"wpforms-338-field_1-error\" required><\/div><div id=\"wpforms-338-field_3-container\" class=\"wpforms-field wpforms-field-number\" data-field-id=\"3\"><label class=\"wpforms-field-label\" for=\"wpforms-338-field_3\">Telefone <span class=\"wpforms-required-label\" aria-hidden=\"true\">*<\/span><\/label><input type=\"number\" pattern=\"\\d*\" id=\"wpforms-338-field_3\" class=\"wpforms-field-large wpforms-field-required\" name=\"wpforms[fields][3]\" aria-errormessage=\"wpforms-338-field_3-error\" required><\/div><div id=\"wpforms-338-field_2-container\" class=\"wpforms-field wpforms-field-textarea\" data-field-id=\"2\"><label class=\"wpforms-field-label\" for=\"wpforms-338-field_2\">Mensagem <span class=\"wpforms-required-label\" aria-hidden=\"true\">*<\/span><\/label><textarea id=\"wpforms-338-field_2\" class=\"wpforms-field-medium wpforms-field-required\" name=\"wpforms[fields][2]\" aria-errormessage=\"wpforms-338-field_2-error\" required><\/textarea><\/div><\/div><!-- .wpforms-field-container --><input type=\"hidden\" name=\"wpforms[recaptcha]\" value=\"\"><div class=\"wpforms-submit-container\" ><input type=\"hidden\" name=\"wpforms[id]\" value=\"338\"><input type=\"hidden\" name=\"wpforms[author]\" value=\"1\"><button type=\"submit\" name=\"wpforms[submit]\" id=\"wpforms-submit-338\" class=\"wpforms-submit\" data-alt-text=\"Enviando\u2026\" data-submit-text=\"Enviar\" aria-live=\"assertive\" value=\"wpforms-submit\">Enviar<\/button><img decoding=\"async\" src=\"https:\/\/transtriangulo.com.br\/contato\/wp-content\/plugins\/wpforms%20pro\/assets\/images\/submit-spin.svg\" class=\"wpforms-submit-spinner\" style=\"display: none;\" width=\"26\" height=\"26\" alt=\"Carregando\"><\/div><\/form><\/div>  <!-- .wpforms-container -->\t\t\t\t<\/div>\n\t\t\t\t<\/div>\n\t\t\t\t\t<\/div>\n\t\t<\/div>\n\t\t\t\t\t<\/div>\n\t\t<\/section>\n\t\t\t\t<section class=\"elementor-section elementor-top-section elementor-element elementor-element-0c63d3d elementor-section-full_width elementor-section-height-default elementor-section-height-default\" data-id=\"0c63d3d\" data-element_type=\"section\" data-e-type=\"section\" data-settings=\"{&quot;background_background&quot;:&quot;classic&quot;}\">\n\t\t\t\t\t\t<div class=\"elementor-container elementor-column-gap-default\">\n\t\t\t\t\t<div class=\"elementor-column elementor-col-100 elementor-top-column elementor-element elementor-element-258749d\" data-id=\"258749d\" data-element_type=\"column\" data-e-type=\"column\">\n\t\t\t<div class=\"elementor-widget-wrap elementor-element-populated\">\n\t\t\t\t\t\t<div class=\"elementor-element elementor-element-c6c30ed elementor-widget elementor-widget-heading\" data-id=\"c6c30ed\" data-element_type=\"widget\" data-e-type=\"widget\" data-widget_type=\"heading.default\">\n\t\t\t\t<div class=\"elementor-widget-container\">\n\t\t\t\t\t<h4 class=\"elementor-heading-title elementor-size-default\">Endere\u00e7o: Av. Rodrigo Castilho de Avelar, 869 - Distrito Industrial, Patos de Minas - MG, 38706-706<\/h4>\t\t\t\t<\/div>\n\t\t\t\t<\/div>\n\t\t\t\t<div class=\"elementor-element elementor-element-b343629 elementor-widget elementor-widget-heading\" data-id=\"b343629\" data-element_type=\"widget\" data-e-type=\"widget\" data-widget_type=\"heading.default\">\n\t\t\t\t<div class=\"elementor-widget-container\">\n\t\t\t\t\t<h3 class=\"elementor-heading-title elementor-size-default\">Telefone: (34) 3814-9898<\/h3>\t\t\t\t<\/div>\n\t\t\t\t<\/div>\n\t\t\t\t<div class=\"elementor-element elementor-element-5cdec78 elementor-widget elementor-widget-google_maps\" data-id=\"5cdec78\" data-element_type=\"widget\" data-e-type=\"widget\" data-widget_type=\"google_maps.default\">\n\t\t\t\t<div class=\"elementor-widget-container\">\n\t\t\t\t\t\t\t<div class=\"elementor-custom-embed\">\n\t\t\t<iframe loading=\"lazy\"\n\t\t\t\t\tsrc=\"https:\/\/maps.google.com\/maps?q=Transtri%C3%A2ngulo%20Transportadora&#038;t=m&#038;z=10&#038;output=embed&#038;iwloc=near\"\n\t\t\t\t\ttitle=\"Transtri\u00e2ngulo Transportadora\"\n\t\t\t\t\taria-label=\"Transtri\u00e2ngulo Transportadora\"\n\t\t\t><\/iframe>\n\t\t<\/div>\n\t\t\t\t\t\t<\/div>\n\t\t\t\t<\/div>\n\t\t\t\t\t<\/div>\n\t\t<\/div>\n\t\t\t\t\t<\/div>\n\t\t<\/section>\n\t\t\t\t<\/div>\n\t\t","protected":false},"excerpt":{"rendered":"<p>Contato Envie sua d\u00favida atrav\u00e9s do nosso formul\u00e1rio de contato, em breve responderemos. Ative o JavaScript no seu navegador para preencher este formul\u00e1rio.Ative o JavaScript no seu navegador para preencher este formul\u00e1rio.Nome *E-mail *Telefone *Mensagem * Enviar Endere\u00e7o: Av. Rodrigo Castilho de Avelar, 869 &#8211; Distrito Industrial, Patos de Minas &#8211; MG, 38706-706 Telefone: (34) [&hellip;]<\/p>\n","protected":false},"author":1,"featured_media":0,"parent":0,"menu_order":0,"comment_status":"closed","ping_status":"closed","template":"elementor_header_footer","meta":{"footnotes":""},"class_list":["post-6","page","type-page","status-publish","hentry"],"yoast_head":"<!-- This site is optimized with the Yoast SEO plugin v27.6 - https:\/\/yoast.com\/product\/yoast-seo-wordpress\/ -->\n<title>Contato - Transtri\u00e2ngulo | Transporte de \u00d3leos e Gorduras<\/title>\n<meta name=\"robots\" content=\"index, follow, max-snippet:-1, max-image-preview:large, max-video-preview:-1\" \/>\n<link rel=\"canonical\" href=\"https:\/\/transtriangulo.com.br\/contato\/\" \/>\n<meta property=\"og:locale\" content=\"pt_BR\" \/>\n<meta property=\"og:type\" content=\"article\" \/>\n<meta property=\"og:title\" content=\"Contato - Transtri\u00e2ngulo | Transporte de \u00d3leos e Gorduras\" \/>\n<meta property=\"og:description\" content=\"Contato Envie sua d\u00favida atrav\u00e9s do nosso formul\u00e1rio de contato, em breve responderemos. Ative o JavaScript no seu navegador para preencher este formul\u00e1rio.Ative o JavaScript no seu navegador para preencher este formul\u00e1rio.Nome *E-mail *Telefone *Mensagem * Enviar Endere\u00e7o: Av. Rodrigo Castilho de Avelar, 869 &#8211; Distrito Industrial, Patos de Minas &#8211; MG, 38706-706 Telefone: (34) [&hellip;]\" \/>\n<meta property=\"og:url\" content=\"https:\/\/transtriangulo.com.br\/contato\/\" \/>\n<meta property=\"og:site_name\" content=\"Transtri\u00e2ngulo | Transporte de \u00d3leos e Gorduras\" \/>\n<meta property=\"article:modified_time\" content=\"2025-08-21T16:50:59+00:00\" \/>\n<meta property=\"og:image\" content=\"https:\/\/transtriangulo.com.br\/contato\/wp-content\/plugins\/wpforms%20pro\/assets\/images\/submit-spin.svg\" \/>\n<meta name=\"twitter:card\" content=\"summary_large_image\" \/>\n<meta name=\"twitter:label1\" content=\"Est. tempo de leitura\" \/>\n\t<meta name=\"twitter:data1\" content=\"1 minuto\" \/>\n<script type=\"application\/ld+json\" class=\"yoast-schema-graph\">{\"@context\":\"https:\\\/\\\/schema.org\",\"@graph\":[{\"@type\":\"WebPage\",\"@id\":\"https:\\\/\\\/transtriangulo.com.br\\\/contato\\\/\",\"url\":\"https:\\\/\\\/transtriangulo.com.br\\\/contato\\\/\",\"name\":\"Contato - Transtri\u00e2ngulo | Transporte de \u00d3leos e Gorduras\",\"isPartOf\":{\"@id\":\"https:\\\/\\\/transtriangulo.com.br\\\/contato\\\/#website\"},\"primaryImageOfPage\":{\"@id\":\"https:\\\/\\\/transtriangulo.com.br\\\/contato\\\/#primaryimage\"},\"image\":{\"@id\":\"https:\\\/\\\/transtriangulo.com.br\\\/contato\\\/#primaryimage\"},\"thumbnailUrl\":\"https:\\\/\\\/transtriangulo.com.br\\\/contato\\\/wp-content\\\/plugins\\\/wpforms%20pro\\\/assets\\\/images\\\/submit-spin.svg\",\"datePublished\":\"2021-12-14T14:55:18+00:00\",\"dateModified\":\"2025-08-21T16:50:59+00:00\",\"breadcrumb\":{\"@id\":\"https:\\\/\\\/transtriangulo.com.br\\\/contato\\\/#breadcrumb\"},\"inLanguage\":\"pt-BR\",\"potentialAction\":[{\"@type\":\"ReadAction\",\"target\":[\"https:\\\/\\\/transtriangulo.com.br\\\/contato\\\/\"]}]},{\"@type\":\"ImageObject\",\"inLanguage\":\"pt-BR\",\"@id\":\"https:\\\/\\\/transtriangulo.com.br\\\/contato\\\/#primaryimage\",\"url\":\"https:\\\/\\\/transtriangulo.com.br\\\/contato\\\/wp-content\\\/plugins\\\/wpforms%20pro\\\/assets\\\/images\\\/submit-spin.svg\",\"contentUrl\":\"https:\\\/\\\/transtriangulo.com.br\\\/contato\\\/wp-content\\\/plugins\\\/wpforms%20pro\\\/assets\\\/images\\\/submit-spin.svg\"},{\"@type\":\"BreadcrumbList\",\"@id\":\"https:\\\/\\\/transtriangulo.com.br\\\/contato\\\/#breadcrumb\",\"itemListElement\":[{\"@type\":\"ListItem\",\"position\":1,\"name\":\"In\u00edcio\",\"item\":\"https:\\\/\\\/transtriangulo.com.br\\\/contato\\\/\"},{\"@type\":\"ListItem\",\"position\":2,\"name\":\"Contato\"}]},{\"@type\":\"WebSite\",\"@id\":\"https:\\\/\\\/transtriangulo.com.br\\\/contato\\\/#website\",\"url\":\"https:\\\/\\\/transtriangulo.com.br\\\/contato\\\/\",\"name\":\"Transtri\u00e2ngulo | Transporte de \u00d3leos e Gorduras\",\"description\":\"A Transtri\u00e2ngulo oferece os melhores servi\u00e7os de transporte e expedi\u00e7\u00e3o de \u00f3leos e gorduras, dispon\u00edveis em todo o pa\u00eds. Nosso pessoal qualificado, usando o mais recente software de comunica\u00e7\u00e3o, rastreamento e processamento, combinado com anos de experi\u00eancia.\",\"publisher\":{\"@id\":\"https:\\\/\\\/transtriangulo.com.br\\\/contato\\\/#organization\"},\"potentialAction\":[{\"@type\":\"SearchAction\",\"target\":{\"@type\":\"EntryPoint\",\"urlTemplate\":\"https:\\\/\\\/transtriangulo.com.br\\\/contato\\\/?s={search_term_string}\"},\"query-input\":{\"@type\":\"PropertyValueSpecification\",\"valueRequired\":true,\"valueName\":\"search_term_string\"}}],\"inLanguage\":\"pt-BR\"},{\"@type\":\"Organization\",\"@id\":\"https:\\\/\\\/transtriangulo.com.br\\\/contato\\\/#organization\",\"name\":\"Transtri\u00e2ngulo | Transporte de \u00d3leos e Gorduras\",\"url\":\"https:\\\/\\\/transtriangulo.com.br\\\/contato\\\/\",\"logo\":{\"@type\":\"ImageObject\",\"inLanguage\":\"pt-BR\",\"@id\":\"https:\\\/\\\/transtriangulo.com.br\\\/contato\\\/#\\\/schema\\\/logo\\\/image\\\/\",\"url\":\"https:\\\/\\\/transtriangulo.com.br\\\/contato\\\/wp-content\\\/uploads\\\/2023\\\/02\\\/logo-dark.png\",\"contentUrl\":\"https:\\\/\\\/transtriangulo.com.br\\\/contato\\\/wp-content\\\/uploads\\\/2023\\\/02\\\/logo-dark.png\",\"width\":152,\"height\":43,\"caption\":\"Transtri\u00e2ngulo | Transporte de \u00d3leos e Gorduras\"},\"image\":{\"@id\":\"https:\\\/\\\/transtriangulo.com.br\\\/contato\\\/#\\\/schema\\\/logo\\\/image\\\/\"}}]}<\/script>\n<!-- \/ Yoast SEO plugin. -->","yoast_head_json":{"title":"Contato - Transtri\u00e2ngulo | Transporte de \u00d3leos e Gorduras","robots":{"index":"index","follow":"follow","max-snippet":"max-snippet:-1","max-image-preview":"max-image-preview:large","max-video-preview":"max-video-preview:-1"},"canonical":"https:\/\/transtriangulo.com.br\/contato\/","og_locale":"pt_BR","og_type":"article","og_title":"Contato - Transtri\u00e2ngulo | Transporte de \u00d3leos e Gorduras","og_description":"Contato Envie sua d\u00favida atrav\u00e9s do nosso formul\u00e1rio de contato, em breve responderemos. Ative o JavaScript no seu navegador para preencher este formul\u00e1rio.Ative o JavaScript no seu navegador para preencher este formul\u00e1rio.Nome *E-mail *Telefone *Mensagem * Enviar Endere\u00e7o: Av. Rodrigo Castilho de Avelar, 869 &#8211; Distrito Industrial, Patos de Minas &#8211; MG, 38706-706 Telefone: (34) [&hellip;]","og_url":"https:\/\/transtriangulo.com.br\/contato\/","og_site_name":"Transtri\u00e2ngulo | Transporte de \u00d3leos e Gorduras","article_modified_time":"2025-08-21T16:50:59+00:00","og_image":[{"url":"https:\/\/transtriangulo.com.br\/contato\/wp-content\/plugins\/wpforms%20pro\/assets\/images\/submit-spin.svg","type":"","width":"","height":""}],"twitter_card":"summary_large_image","twitter_misc":{"Est. tempo de leitura":"1 minuto"},"schema":{"@context":"https:\/\/schema.org","@graph":[{"@type":"WebPage","@id":"https:\/\/transtriangulo.com.br\/contato\/","url":"https:\/\/transtriangulo.com.br\/contato\/","name":"Contato - Transtri\u00e2ngulo | Transporte de \u00d3leos e Gorduras","isPartOf":{"@id":"https:\/\/transtriangulo.com.br\/contato\/#website"},"primaryImageOfPage":{"@id":"https:\/\/transtriangulo.com.br\/contato\/#primaryimage"},"image":{"@id":"https:\/\/transtriangulo.com.br\/contato\/#primaryimage"},"thumbnailUrl":"https:\/\/transtriangulo.com.br\/contato\/wp-content\/plugins\/wpforms%20pro\/assets\/images\/submit-spin.svg","datePublished":"2021-12-14T14:55:18+00:00","dateModified":"2025-08-21T16:50:59+00:00","breadcrumb":{"@id":"https:\/\/transtriangulo.com.br\/contato\/#breadcrumb"},"inLanguage":"pt-BR","potentialAction":[{"@type":"ReadAction","target":["https:\/\/transtriangulo.com.br\/contato\/"]}]},{"@type":"ImageObject","inLanguage":"pt-BR","@id":"https:\/\/transtriangulo.com.br\/contato\/#primaryimage","url":"https:\/\/transtriangulo.com.br\/contato\/wp-content\/plugins\/wpforms%20pro\/assets\/images\/submit-spin.svg","contentUrl":"https:\/\/transtriangulo.com.br\/contato\/wp-content\/plugins\/wpforms%20pro\/assets\/images\/submit-spin.svg"},{"@type":"BreadcrumbList","@id":"https:\/\/transtriangulo.com.br\/contato\/#breadcrumb","itemListElement":[{"@type":"ListItem","position":1,"name":"In\u00edcio","item":"https:\/\/transtriangulo.com.br\/contato\/"},{"@type":"ListItem","position":2,"name":"Contato"}]},{"@type":"WebSite","@id":"https:\/\/transtriangulo.com.br\/contato\/#website","url":"https:\/\/transtriangulo.com.br\/contato\/","name":"Transtri\u00e2ngulo | Transporte de \u00d3leos e Gorduras","description":"A Transtri\u00e2ngulo oferece os melhores servi\u00e7os de transporte e expedi\u00e7\u00e3o de \u00f3leos e gorduras, dispon\u00edveis em todo o pa\u00eds. Nosso pessoal qualificado, usando o mais recente software de comunica\u00e7\u00e3o, rastreamento e processamento, combinado com anos de experi\u00eancia.","publisher":{"@id":"https:\/\/transtriangulo.com.br\/contato\/#organization"},"potentialAction":[{"@type":"SearchAction","target":{"@type":"EntryPoint","urlTemplate":"https:\/\/transtriangulo.com.br\/contato\/?s={search_term_string}"},"query-input":{"@type":"PropertyValueSpecification","valueRequired":true,"valueName":"search_term_string"}}],"inLanguage":"pt-BR"},{"@type":"Organization","@id":"https:\/\/transtriangulo.com.br\/contato\/#organization","name":"Transtri\u00e2ngulo | Transporte de \u00d3leos e Gorduras","url":"https:\/\/transtriangulo.com.br\/contato\/","logo":{"@type":"ImageObject","inLanguage":"pt-BR","@id":"https:\/\/transtriangulo.com.br\/contato\/#\/schema\/logo\/image\/","url":"https:\/\/transtriangulo.com.br\/contato\/wp-content\/uploads\/2023\/02\/logo-dark.png","contentUrl":"https:\/\/transtriangulo.com.br\/contato\/wp-content\/uploads\/2023\/02\/logo-dark.png","width":152,"height":43,"caption":"Transtri\u00e2ngulo | Transporte de \u00d3leos e Gorduras"},"image":{"@id":"https:\/\/transtriangulo.com.br\/contato\/#\/schema\/logo\/image\/"}}]}},"_links":{"self":[{"href":"https:\/\/transtriangulo.com.br\/contato\/wp-json\/wp\/v2\/pages\/6","targetHints":{"allow":["GET"]}}],"collection":[{"href":"https:\/\/transtriangulo.com.br\/contato\/wp-json\/wp\/v2\/pages"}],"about":[{"href":"https:\/\/transtriangulo.com.br\/contato\/wp-json\/wp\/v2\/types\/page"}],"author":[{"embeddable":true,"href":"https:\/\/transtriangulo.com.br\/contato\/wp-json\/wp\/v2\/users\/1"}],"replies":[{"embeddable":true,"href":"https:\/\/transtriangulo.com.br\/contato\/wp-json\/wp\/v2\/comments?post=6"}],"version-history":[{"count":131,"href":"https:\/\/transtriangulo.com.br\/contato\/wp-json\/wp\/v2\/pages\/6\/revisions"}],"predecessor-version":[{"id":465,"href":"https:\/\/transtriangulo.com.br\/contato\/wp-json\/wp\/v2\/pages\/6\/revisions\/465"}],"wp:attachment":[{"href":"https:\/\/transtriangulo.com.br\/contato\/wp-json\/wp\/v2\/media?parent=6"}],"curies":[{"name":"wp","href":"https:\/\/api.w.org\/{rel}","templated":true}]}}