{"id":123,"date":"2023-02-03T10:00:17","date_gmt":"2023-02-03T13:00:17","guid":{"rendered":"https:\/\/transtriangulo.com.br\/contato\/?page_id=123"},"modified":"2025-08-21T13:58:33","modified_gmt":"2025-08-21T16:58:33","slug":"politica-de-cookies","status":"publish","type":"page","link":"https:\/\/transtriangulo.com.br\/contato\/politica-de-cookies\/","title":{"rendered":"Pol\u00edtica de Cookies"},"content":{"rendered":"\t\t<div data-elementor-type=\"wp-page\" data-elementor-id=\"123\" class=\"elementor elementor-123\" data-elementor-post-type=\"page\">\n\t\t\t\t\t\t<section class=\"elementor-section elementor-top-section elementor-element elementor-element-443c857 elementor-section-boxed elementor-section-height-default elementor-section-height-default\" data-id=\"443c857\" data-element_type=\"section\" data-e-type=\"section\">\n\t\t\t\t\t\t<div class=\"elementor-container elementor-column-gap-default\">\n\t\t\t\t\t<div class=\"elementor-column elementor-col-100 elementor-top-column elementor-element elementor-element-13eccb1\" data-id=\"13eccb1\" data-element_type=\"column\" data-e-type=\"column\">\n\t\t\t<div class=\"elementor-widget-wrap elementor-element-populated\">\n\t\t\t\t\t\t<div class=\"elementor-element elementor-element-bec7c38 elementor-widget elementor-widget-heading\" data-id=\"bec7c38\" data-element_type=\"widget\" data-e-type=\"widget\" data-widget_type=\"heading.default\">\n\t\t\t\t<div class=\"elementor-widget-container\">\n\t\t\t\t\t<h2 class=\"elementor-heading-title elementor-size-default\">Pol\u00edtica de Cookies<\/h2>\t\t\t\t<\/div>\n\t\t\t\t<\/div>\n\t\t\t\t\t<\/div>\n\t\t<\/div>\n\t\t\t\t\t<\/div>\n\t\t<\/section>\n\t\t\t\t<section class=\"elementor-section elementor-top-section elementor-element elementor-element-1f4ed88 elementor-section-boxed elementor-section-height-default elementor-section-height-default\" data-id=\"1f4ed88\" data-element_type=\"section\" data-e-type=\"section\">\n\t\t\t\t\t\t<div class=\"elementor-container elementor-column-gap-default\">\n\t\t\t\t\t<div class=\"elementor-column elementor-col-100 elementor-top-column elementor-element elementor-element-ad43f56\" data-id=\"ad43f56\" data-element_type=\"column\" data-e-type=\"column\">\n\t\t\t<div class=\"elementor-widget-wrap elementor-element-populated\">\n\t\t\t\t\t\t<div class=\"elementor-element elementor-element-4db9e5b elementor-widget elementor-widget-text-editor\" data-id=\"4db9e5b\" data-element_type=\"widget\" data-e-type=\"widget\" data-widget_type=\"text-editor.default\">\n\t\t\t\t<div class=\"elementor-widget-container\">\n\t\t\t\t\t\t\t\t\t<p>Vers\u00e3o de: fevereiro de 2023.<\/p><p>Nossa miss\u00e3o \u00e9 oferecer os melhores servi\u00e7os de transporte e expedi\u00e7\u00e3o dispon\u00edveis em todo o pa\u00eds.<\/p><p>Fazer isto com transpar\u00eancia, informando como seus dados s\u00e3o utilizados, \u00e9 extremamente importante, por isso valorizamos e respeitamos essas informa\u00e7\u00f5es.<\/p><p>Esta Pol\u00edtica de Cookies (\u201cPol\u00edtica\u201d) n\u00e3o \u00e9 um contrato e n\u00e3o cria nenhum direito ou obriga\u00e7\u00e3o legal, mas s\u00e3o diretrizes referentes ao nosso uso de cookies, sendo aplicada em todo site transtriangulo.com.br (\u201cSite\u201d).<\/p><p>Nesta pol\u00edtica usamos o termo \u201ccookies\u201d para nos referirmos aos cookies, web beacons e outras tecnologias similares.<\/p><p>Para maiores informa\u00e7\u00f5es sobre o nosso uso de dados pessoais, leia nossa Pol\u00edtica de Privacidade.<\/p><p><strong><u>A transtriangulo.com.br usa cookies?<\/u><\/strong><\/p><p>Sim, utilizamos cookies e outras tecnologias similares para que aqueles que acessam o Site da Transtri\u00e2ngulo tenham a melhor experi\u00eancia poss\u00edvel.<\/p><p>Ao continuar a visitar o Site ou usar nossos servi\u00e7os, voc\u00ea est\u00e1 concordando com a utiliza\u00e7\u00e3o de cookies e tecnologias semelhantes para os fins descritos especificamente nesta pol\u00edtica.<\/p><p><strong><u>O que \u00e9 um cookie?<\/u><\/strong><\/p><p>Um cookie \u00e9 um pequeno arquivo adicionado ao seu dispositivo ou computador que permite ativar os recursos e funcionalidades do Site da Transtri\u00e2ngulo. Por exemplo, os cookies nos permitem identificar o seu dispositivo ou computador, viabilizando entrar e sair do Site da Transtri\u00e2ngulo com seguran\u00e7a.<\/p><p><strong><u>Quando a Transtri\u00e2ngulo utiliza cookies?<\/u><\/strong><\/p><p>A Transtri\u00e2ngulo utiliza cookies em seu Site. Todos os navegadores que visitarem esse Site receber\u00e3o nossos cookies.<\/p><p><strong><u>Que tipos de cookies a Transtri\u00e2ngulo utiliza?<\/u><\/strong><\/p><p>Usamos dois tipos de cookies: <strong>cookies persistentes<\/strong> e <strong>cookies de sess\u00e3o.<\/strong><\/p><p>Um <strong>cookie persistente<\/strong> ajuda a reconhecer o usu\u00e1rio, possibilitando retornar \u00e0 Transtri\u00e2ngulo ou interagir com o nosso servidor. Um cookie persistente permanecer\u00e1 no seu navegador e ser\u00e1 lido pela Transtri\u00e2ngulo quando voc\u00ea retornar ao nosso site.\u00a0\u00a0\u00a0\u00a0\u00a0\u00a0\u00a0\u00a0\u00a0\u00a0\u00a0<\/p><p>Os <strong>cookies de sess\u00e3o<\/strong> duram at\u00e9 a mesma terminar (geralmente durante a visita a um site ou durante uma sess\u00e3o do navegador). Eles permitem que o site o reconhe\u00e7a, \u00e0 medida que voc\u00ea passa de uma p\u00e1gina para outra dentro do site.<\/p><p><strong><u>Para que os cookies s\u00e3o utilizados?<\/u><\/strong><\/p><p>Os cookies podem ser utilizados para reconhec\u00ea-lo quando voc\u00ea acessa o Site da Transtri\u00e2ngulo, para armazenar suas prefer\u00eancias e para proporcionar uma experi\u00eancia mais personalizada de acordo com suas configura\u00e7\u00f5es.<\/p><p>Os cookies tamb\u00e9m tornam suas intera\u00e7\u00f5es com a Transtri\u00e2ngulo mais r\u00e1pidas e seguras.<\/p><p><strong><u>Controle de cookies<\/u><\/strong><\/p><p>A maioria dos navegadores permite que voc\u00ea controle cookies em suas configura\u00e7\u00f5es. Entretanto, se voc\u00ea limitar a utiliza\u00e7\u00e3o de cookies, voc\u00ea n\u00e3o ter\u00e1 a experi\u00eancia que preparamos para voc\u00ea, pois n\u00e3o haver\u00e1 mais a personaliza\u00e7\u00e3o.<\/p><p>Voc\u00ea tamb\u00e9m poder\u00e1 impedir que configura\u00e7\u00f5es personalizadas sejam salvas, como, por exemplo, nome de usu\u00e1rio e senha.<\/p><p><strong><u>Como desativar ou remover os cookies?<\/u><\/strong><\/p><p>Voc\u00ea pode escolher rejeitar ou bloquear tipos espec\u00edficos de cookies que n\u00e3o sejam essenciais para o funcionamento do Site, configurados atrav\u00e9s da sua visita ao nosso Site ao clicar nas prefer\u00eancias de cookies em nossa central de privacidade.<\/p><p>Por\u00e9m, se voc\u00ea rejeitar ou apagar a utiliza\u00e7\u00e3o de cookies obrigat\u00f3rios e essenciais para o funcionamento do Site (alterando cookies diretamente no navegador), algumas das fun\u00e7\u00f5es do Site poder\u00e3o n\u00e3o funcionar corretamente e o Site, na sua pr\u00f3xima visita, poder\u00e1 n\u00e3o lembrar quais cookies voc\u00ea desativou. Por exemplo, se voc\u00ea desativar o cookie que identifica o usu\u00e1rio.<\/p><p>Dessa forma, ao utilizar o nosso Site sem apagar ou rejeitar os cookies obrigat\u00f3rios, voc\u00ea concorda que podemos posicionar os cookies que voc\u00ea n\u00e3o apagou ou rejeitou nos seus dispositivos, para que o Site funcione normalmente e respeite a sua decis\u00e3o.<\/p><p><strong><u>Altera\u00e7\u00f5es da Pol\u00edtica de Cookies<\/u><\/strong><\/p><p>A Transtri\u00e2ngulo pode alterar esta Pol\u00edtica de Cookies conforme necess\u00e1rio e a qualquer tempo, sendo as altera\u00e7\u00f5es informadas com destaque em nosso site.<\/p><p><strong><u>Entre em contato<\/u><\/strong><\/p><p>Se voc\u00ea tiver d\u00favidas ou achar que suas preocupa\u00e7\u00f5es n\u00e3o foram tratadas nesta Pol\u00edtica de Cookies, entre em contato enviando um e-mail para <a href=\"mailto:dpo@transtriangulo.com.br\">dpo@transtriangulo.com.br<\/a>.<\/p>\t\t\t\t\t\t\t\t<\/div>\n\t\t\t\t<\/div>\n\t\t\t\t\t<\/div>\n\t\t<\/div>\n\t\t\t\t\t<\/div>\n\t\t<\/section>\n\t\t\t\t<\/div>\n\t\t","protected":false},"excerpt":{"rendered":"<p>Pol\u00edtica de Cookies Vers\u00e3o de: fevereiro de 2023. Nossa miss\u00e3o \u00e9 oferecer os melhores servi\u00e7os de transporte e expedi\u00e7\u00e3o dispon\u00edveis em todo o pa\u00eds. Fazer isto com transpar\u00eancia, informando como seus dados s\u00e3o utilizados, \u00e9 extremamente importante, por isso valorizamos e respeitamos essas informa\u00e7\u00f5es. Esta Pol\u00edtica de Cookies (\u201cPol\u00edtica\u201d) n\u00e3o \u00e9 um contrato e n\u00e3o [&hellip;]<\/p>\n","protected":false},"author":1,"featured_media":0,"parent":0,"menu_order":0,"comment_status":"closed","ping_status":"closed","template":"elementor_header_footer","meta":{"footnotes":""},"class_list":["post-123","page","type-page","status-publish","hentry"],"yoast_head":"<!-- This site is optimized with the Yoast SEO plugin v27.6 - https:\/\/yoast.com\/product\/yoast-seo-wordpress\/ -->\n<title>Pol\u00edtica de Cookies - Transtri\u00e2ngulo | Transporte de \u00d3leos e Gorduras<\/title>\n<meta name=\"robots\" content=\"index, follow, max-snippet:-1, max-image-preview:large, max-video-preview:-1\" \/>\n<link rel=\"canonical\" href=\"https:\/\/transtriangulo.com.br\/contato\/politica-de-cookies\/\" \/>\n<meta property=\"og:locale\" content=\"pt_BR\" \/>\n<meta property=\"og:type\" content=\"article\" \/>\n<meta property=\"og:title\" content=\"Pol\u00edtica de Cookies - Transtri\u00e2ngulo | Transporte de \u00d3leos e Gorduras\" \/>\n<meta property=\"og:description\" content=\"Pol\u00edtica de Cookies Vers\u00e3o de: fevereiro de 2023. Nossa miss\u00e3o \u00e9 oferecer os melhores servi\u00e7os de transporte e expedi\u00e7\u00e3o dispon\u00edveis em todo o pa\u00eds. Fazer isto com transpar\u00eancia, informando como seus dados s\u00e3o utilizados, \u00e9 extremamente importante, por isso valorizamos e respeitamos essas informa\u00e7\u00f5es. Esta Pol\u00edtica de Cookies (\u201cPol\u00edtica\u201d) n\u00e3o \u00e9 um contrato e n\u00e3o [&hellip;]\" \/>\n<meta property=\"og:url\" content=\"https:\/\/transtriangulo.com.br\/contato\/politica-de-cookies\/\" \/>\n<meta property=\"og:site_name\" content=\"Transtri\u00e2ngulo | Transporte de \u00d3leos e Gorduras\" \/>\n<meta property=\"article:modified_time\" content=\"2025-08-21T16:58:33+00:00\" \/>\n<meta name=\"twitter:card\" content=\"summary_large_image\" \/>\n<meta name=\"twitter:label1\" content=\"Est. tempo de leitura\" \/>\n\t<meta name=\"twitter:data1\" content=\"4 minutos\" \/>\n<script type=\"application\/ld+json\" class=\"yoast-schema-graph\">{\"@context\":\"https:\\\/\\\/schema.org\",\"@graph\":[{\"@type\":\"WebPage\",\"@id\":\"https:\\\/\\\/transtriangulo.com.br\\\/contato\\\/politica-de-cookies\\\/\",\"url\":\"https:\\\/\\\/transtriangulo.com.br\\\/contato\\\/politica-de-cookies\\\/\",\"name\":\"Pol\u00edtica de Cookies - Transtri\u00e2ngulo | Transporte de \u00d3leos e Gorduras\",\"isPartOf\":{\"@id\":\"https:\\\/\\\/transtriangulo.com.br\\\/contato\\\/#website\"},\"datePublished\":\"2023-02-03T13:00:17+00:00\",\"dateModified\":\"2025-08-21T16:58:33+00:00\",\"breadcrumb\":{\"@id\":\"https:\\\/\\\/transtriangulo.com.br\\\/contato\\\/politica-de-cookies\\\/#breadcrumb\"},\"inLanguage\":\"pt-BR\",\"potentialAction\":[{\"@type\":\"ReadAction\",\"target\":[\"https:\\\/\\\/transtriangulo.com.br\\\/contato\\\/politica-de-cookies\\\/\"]}]},{\"@type\":\"BreadcrumbList\",\"@id\":\"https:\\\/\\\/transtriangulo.com.br\\\/contato\\\/politica-de-cookies\\\/#breadcrumb\",\"itemListElement\":[{\"@type\":\"ListItem\",\"position\":1,\"name\":\"In\u00edcio\",\"item\":\"https:\\\/\\\/transtriangulo.com.br\\\/contato\\\/\"},{\"@type\":\"ListItem\",\"position\":2,\"name\":\"Pol\u00edtica de Cookies\"}]},{\"@type\":\"WebSite\",\"@id\":\"https:\\\/\\\/transtriangulo.com.br\\\/contato\\\/#website\",\"url\":\"https:\\\/\\\/transtriangulo.com.br\\\/contato\\\/\",\"name\":\"Transtri\u00e2ngulo | Transporte de \u00d3leos e Gorduras\",\"description\":\"A Transtri\u00e2ngulo oferece os melhores servi\u00e7os de transporte e expedi\u00e7\u00e3o de \u00f3leos e gorduras, dispon\u00edveis em todo o pa\u00eds. Nosso pessoal qualificado, usando o mais recente software de comunica\u00e7\u00e3o, rastreamento e processamento, combinado com anos de experi\u00eancia.\",\"publisher\":{\"@id\":\"https:\\\/\\\/transtriangulo.com.br\\\/contato\\\/#organization\"},\"potentialAction\":[{\"@type\":\"SearchAction\",\"target\":{\"@type\":\"EntryPoint\",\"urlTemplate\":\"https:\\\/\\\/transtriangulo.com.br\\\/contato\\\/?s={search_term_string}\"},\"query-input\":{\"@type\":\"PropertyValueSpecification\",\"valueRequired\":true,\"valueName\":\"search_term_string\"}}],\"inLanguage\":\"pt-BR\"},{\"@type\":\"Organization\",\"@id\":\"https:\\\/\\\/transtriangulo.com.br\\\/contato\\\/#organization\",\"name\":\"Transtri\u00e2ngulo | Transporte de \u00d3leos e Gorduras\",\"url\":\"https:\\\/\\\/transtriangulo.com.br\\\/contato\\\/\",\"logo\":{\"@type\":\"ImageObject\",\"inLanguage\":\"pt-BR\",\"@id\":\"https:\\\/\\\/transtriangulo.com.br\\\/contato\\\/#\\\/schema\\\/logo\\\/image\\\/\",\"url\":\"https:\\\/\\\/transtriangulo.com.br\\\/contato\\\/wp-content\\\/uploads\\\/2023\\\/02\\\/logo-dark.png\",\"contentUrl\":\"https:\\\/\\\/transtriangulo.com.br\\\/contato\\\/wp-content\\\/uploads\\\/2023\\\/02\\\/logo-dark.png\",\"width\":152,\"height\":43,\"caption\":\"Transtri\u00e2ngulo | Transporte de \u00d3leos e Gorduras\"},\"image\":{\"@id\":\"https:\\\/\\\/transtriangulo.com.br\\\/contato\\\/#\\\/schema\\\/logo\\\/image\\\/\"}}]}<\/script>\n<!-- \/ Yoast SEO plugin. -->","yoast_head_json":{"title":"Pol\u00edtica de Cookies - Transtri\u00e2ngulo | Transporte de \u00d3leos e Gorduras","robots":{"index":"index","follow":"follow","max-snippet":"max-snippet:-1","max-image-preview":"max-image-preview:large","max-video-preview":"max-video-preview:-1"},"canonical":"https:\/\/transtriangulo.com.br\/contato\/politica-de-cookies\/","og_locale":"pt_BR","og_type":"article","og_title":"Pol\u00edtica de Cookies - Transtri\u00e2ngulo | Transporte de \u00d3leos e Gorduras","og_description":"Pol\u00edtica de Cookies Vers\u00e3o de: fevereiro de 2023. Nossa miss\u00e3o \u00e9 oferecer os melhores servi\u00e7os de transporte e expedi\u00e7\u00e3o dispon\u00edveis em todo o pa\u00eds. Fazer isto com transpar\u00eancia, informando como seus dados s\u00e3o utilizados, \u00e9 extremamente importante, por isso valorizamos e respeitamos essas informa\u00e7\u00f5es. Esta Pol\u00edtica de Cookies (\u201cPol\u00edtica\u201d) n\u00e3o \u00e9 um contrato e n\u00e3o [&hellip;]","og_url":"https:\/\/transtriangulo.com.br\/contato\/politica-de-cookies\/","og_site_name":"Transtri\u00e2ngulo | Transporte de \u00d3leos e Gorduras","article_modified_time":"2025-08-21T16:58:33+00:00","twitter_card":"summary_large_image","twitter_misc":{"Est. tempo de leitura":"4 minutos"},"schema":{"@context":"https:\/\/schema.org","@graph":[{"@type":"WebPage","@id":"https:\/\/transtriangulo.com.br\/contato\/politica-de-cookies\/","url":"https:\/\/transtriangulo.com.br\/contato\/politica-de-cookies\/","name":"Pol\u00edtica de Cookies - Transtri\u00e2ngulo | Transporte de \u00d3leos e Gorduras","isPartOf":{"@id":"https:\/\/transtriangulo.com.br\/contato\/#website"},"datePublished":"2023-02-03T13:00:17+00:00","dateModified":"2025-08-21T16:58:33+00:00","breadcrumb":{"@id":"https:\/\/transtriangulo.com.br\/contato\/politica-de-cookies\/#breadcrumb"},"inLanguage":"pt-BR","potentialAction":[{"@type":"ReadAction","target":["https:\/\/transtriangulo.com.br\/contato\/politica-de-cookies\/"]}]},{"@type":"BreadcrumbList","@id":"https:\/\/transtriangulo.com.br\/contato\/politica-de-cookies\/#breadcrumb","itemListElement":[{"@type":"ListItem","position":1,"name":"In\u00edcio","item":"https:\/\/transtriangulo.com.br\/contato\/"},{"@type":"ListItem","position":2,"name":"Pol\u00edtica de Cookies"}]},{"@type":"WebSite","@id":"https:\/\/transtriangulo.com.br\/contato\/#website","url":"https:\/\/transtriangulo.com.br\/contato\/","name":"Transtri\u00e2ngulo | Transporte de \u00d3leos e Gorduras","description":"A Transtri\u00e2ngulo oferece os melhores servi\u00e7os de transporte e expedi\u00e7\u00e3o de \u00f3leos e gorduras, dispon\u00edveis em todo o pa\u00eds. Nosso pessoal qualificado, usando o mais recente software de comunica\u00e7\u00e3o, rastreamento e processamento, combinado com anos de experi\u00eancia.","publisher":{"@id":"https:\/\/transtriangulo.com.br\/contato\/#organization"},"potentialAction":[{"@type":"SearchAction","target":{"@type":"EntryPoint","urlTemplate":"https:\/\/transtriangulo.com.br\/contato\/?s={search_term_string}"},"query-input":{"@type":"PropertyValueSpecification","valueRequired":true,"valueName":"search_term_string"}}],"inLanguage":"pt-BR"},{"@type":"Organization","@id":"https:\/\/transtriangulo.com.br\/contato\/#organization","name":"Transtri\u00e2ngulo | Transporte de \u00d3leos e Gorduras","url":"https:\/\/transtriangulo.com.br\/contato\/","logo":{"@type":"ImageObject","inLanguage":"pt-BR","@id":"https:\/\/transtriangulo.com.br\/contato\/#\/schema\/logo\/image\/","url":"https:\/\/transtriangulo.com.br\/contato\/wp-content\/uploads\/2023\/02\/logo-dark.png","contentUrl":"https:\/\/transtriangulo.com.br\/contato\/wp-content\/uploads\/2023\/02\/logo-dark.png","width":152,"height":43,"caption":"Transtri\u00e2ngulo | Transporte de \u00d3leos e Gorduras"},"image":{"@id":"https:\/\/transtriangulo.com.br\/contato\/#\/schema\/logo\/image\/"}}]}},"_links":{"self":[{"href":"https:\/\/transtriangulo.com.br\/contato\/wp-json\/wp\/v2\/pages\/123","targetHints":{"allow":["GET"]}}],"collection":[{"href":"https:\/\/transtriangulo.com.br\/contato\/wp-json\/wp\/v2\/pages"}],"about":[{"href":"https:\/\/transtriangulo.com.br\/contato\/wp-json\/wp\/v2\/types\/page"}],"author":[{"embeddable":true,"href":"https:\/\/transtriangulo.com.br\/contato\/wp-json\/wp\/v2\/users\/1"}],"replies":[{"embeddable":true,"href":"https:\/\/transtriangulo.com.br\/contato\/wp-json\/wp\/v2\/comments?post=123"}],"version-history":[{"count":43,"href":"https:\/\/transtriangulo.com.br\/contato\/wp-json\/wp\/v2\/pages\/123\/revisions"}],"predecessor-version":[{"id":476,"href":"https:\/\/transtriangulo.com.br\/contato\/wp-json\/wp\/v2\/pages\/123\/revisions\/476"}],"wp:attachment":[{"href":"https:\/\/transtriangulo.com.br\/contato\/wp-json\/wp\/v2\/media?parent=123"}],"curies":[{"name":"wp","href":"https:\/\/api.w.org\/{rel}","templated":true}]}}